{"id":954,"date":"2021-09-20T18:00:35","date_gmt":"2021-09-20T18:00:35","guid":{"rendered":"https:\/\/atlanticonference.uac.pt\/inscricao\/"},"modified":"2023-07-10T11:28:02","modified_gmt":"2023-07-10T11:28:02","slug":"enrollment","status":"publish","type":"page","link":"https:\/\/atlanticonference.uac.pt\/?page_id=954&lang=en","title":{"rendered":"Registration"},"content":{"rendered":"<p>[vc_row][vc_column]<div role=\"form\" class=\"wpcf7\" id=\"wpcf7-f617-o1\" lang=\"pt-PT\" dir=\"ltr\">\n<div class=\"screen-reader-response\"><p role=\"status\" aria-live=\"polite\" aria-atomic=\"true\"><\/p> <ul><\/ul><\/div>\n<form action=\"\/index.php?rest_route=%2Fwp%2Fv2%2Fpages%2F954#wpcf7-f617-o1\" method=\"post\" class=\"wpcf7-form init\" novalidate=\"novalidate\" data-status=\"init\">\n<div style=\"display: none;\">\n<input type=\"hidden\" name=\"_wpcf7\" value=\"617\" \/>\n<input type=\"hidden\" name=\"_wpcf7_version\" value=\"5.4.2\" \/>\n<input type=\"hidden\" name=\"_wpcf7_locale\" value=\"pt_PT\" \/>\n<input type=\"hidden\" name=\"_wpcf7_unit_tag\" value=\"wpcf7-f617-o1\" \/>\n<input type=\"hidden\" name=\"_wpcf7_container_post\" value=\"0\" \/>\n<input type=\"hidden\" name=\"_wpcf7_posted_data_hash\" value=\"\" \/>\n<input type=\"hidden\" name=\"_wpcf7cf_hidden_group_fields\" value=\"[]\" \/>\n<input type=\"hidden\" name=\"_wpcf7cf_hidden_groups\" value=\"[]\" \/>\n<input type=\"hidden\" name=\"_wpcf7cf_visible_groups\" value=\"[]\" \/>\n<input type=\"hidden\" name=\"_wpcf7cf_repeaters\" value=\"[]\" \/>\n<input type=\"hidden\" name=\"_wpcf7cf_steps\" value=\"{}\" \/>\n<input type=\"hidden\" name=\"_wpcf7cf_options\" value=\"{&quot;form_id&quot;:617,&quot;conditions&quot;:[{&quot;then_field&quot;:&quot;group-1&quot;,&quot;and_rules&quot;:[{&quot;if_field&quot;:&quot;Participante&quot;,&quot;operator&quot;:&quot;equals&quot;,&quot;if_value&quot;:&quot;Com comunica\\u00e7\\u00e3o&quot;}]},{&quot;then_field&quot;:&quot;group-2&quot;,&quot;and_rules&quot;:[{&quot;if_field&quot;:&quot;Participante&quot;,&quot;operator&quot;:&quot;equals&quot;,&quot;if_value&quot;:&quot;Com comunica\\u00e7\\u00e3o&quot;}]},{&quot;then_field&quot;:&quot;group-3&quot;,&quot;and_rules&quot;:[{&quot;if_field&quot;:&quot;alojamento&quot;,&quot;operator&quot;:&quot;equals&quot;,&quot;if_value&quot;:&quot;Sim&quot;}]},{&quot;then_field&quot;:&quot;group-4&quot;,&quot;and_rules&quot;:[{&quot;if_field&quot;:&quot;alojamento&quot;,&quot;operator&quot;:&quot;equals&quot;,&quot;if_value&quot;:&quot;Sim&quot;}]},{&quot;then_field&quot;:&quot;group-5&quot;,&quot;and_rules&quot;:[{&quot;if_field&quot;:&quot;Participante&quot;,&quot;operator&quot;:&quot;equals&quot;,&quot;if_value&quot;:&quot;Com comunica\\u00e7\\u00e3o&quot;},{&quot;if_field&quot;:&quot;Modo&quot;,&quot;operator&quot;:&quot;not equals&quot;,&quot;if_value&quot;:&quot;Doutorado online (70\\u20ac)&quot;}]}],&quot;settings&quot;:{&quot;animation&quot;:&quot;yes&quot;,&quot;animation_intime&quot;:200,&quot;animation_outtime&quot;:200,&quot;conditions_ui&quot;:&quot;normal&quot;,&quot;notice_dismissed&quot;:false,&quot;notice_dismissed_update-cf7-5.7.7&quot;:true}}\" \/>\n<input type=\"hidden\" name=\"_wpcf7_recaptcha_response\" value=\"\" \/>\n<\/div>\n<div class=\"container\">\n<div class=\"inscricao_form_div\">\n<p><label> Nome<br \/>\n    <span class=\"wpcf7-form-control-wrap Nome\"><input type=\"text\" name=\"Nome\" value=\"\" size=\"40\" class=\"wpcf7-form-control wpcf7-text wpcf7-validates-as-required\" id=\"form_nome\" aria-required=\"true\" aria-invalid=\"false\" \/><\/span> <\/label><\/p>\n<p><label> Apelido<br \/>\n    <span class=\"wpcf7-form-control-wrap Apelido\"><input type=\"text\" name=\"Apelido\" value=\"\" size=\"40\" class=\"wpcf7-form-control wpcf7-text wpcf7-validates-as-required\" id=\"form_nome\" aria-required=\"true\" aria-invalid=\"false\" \/><\/span> <\/label><\/p>\n<p><label> Email<br \/>\n    <span class=\"wpcf7-form-control-wrap Email\"><input type=\"email\" name=\"Email\" value=\"\" size=\"40\" class=\"wpcf7-form-control wpcf7-text wpcf7-email wpcf7-validates-as-required wpcf7-validates-as-email\" id=\"form_nome\" aria-required=\"true\" aria-invalid=\"false\" \/><\/span> <\/label><\/p>\n<p><label> Telefone<br \/>\n    <span class=\"wpcf7-form-control-wrap Telefone\"><input type=\"tel\" name=\"Telefone\" value=\"\" size=\"40\" class=\"wpcf7-form-control wpcf7-text wpcf7-tel wpcf7-validates-as-required wpcf7-validates-as-tel\" id=\"form_nome\" aria-required=\"true\" aria-invalid=\"false\" \/><\/span> <\/label><\/p>\n<p><label> Pa\u00eds<br \/>\n    <span class=\"wpcf7-form-control-wrap Pais\"><input type=\"text\" name=\"Pais\" value=\"\" size=\"40\" class=\"wpcf7-form-control wpcf7-text wpcf7-validates-as-required\" id=\"form_nome\" aria-required=\"true\" aria-invalid=\"false\" \/><\/span> <\/label><\/p>\n<p><label> Fun\u00e7\u00e3o<br \/>\n    <span class=\"wpcf7-form-control-wrap Cargo\"><input type=\"text\" name=\"Cargo\" value=\"\" size=\"40\" class=\"wpcf7-form-control wpcf7-text wpcf7-validates-as-required\" id=\"form_nome\" aria-required=\"true\" aria-invalid=\"false\" \/><\/span> <\/label><\/p>\n<p><label> Afilia\u00e7\u00e3o Institucional<br \/>\n    <span class=\"wpcf7-form-control-wrap Instituto\"><input type=\"text\" name=\"Instituto\" value=\"\" size=\"40\" class=\"wpcf7-form-control wpcf7-text wpcf7-validates-as-required\" id=\"form_nome\" aria-required=\"true\" aria-invalid=\"false\" \/><\/span> <\/label><\/p>\n<p><label> Participante<br \/>\n    <span class=\"wpcf7-form-control-wrap Participante\"><select name=\"Participante\" class=\"wpcf7-form-control wpcf7-select wpcf7-validates-as-required participante\" id=\"form_nome\" aria-required=\"true\" aria-invalid=\"false\"><option value=\"\">---<\/option><option value=\"Com comunica\u00e7\u00e3o\">Com comunica\u00e7\u00e3o<\/option><option value=\"Sem comunica\u00e7\u00e3o\">Sem comunica\u00e7\u00e3o<\/option><\/select><\/span><br \/>\n<\/label><\/p>\n<p><label>Modo de Participa\u00e7\u00e3o<br \/>\n    <span class=\"wpcf7-form-control-wrap Modo\"><select name=\"Modo\" class=\"wpcf7-form-control wpcf7-select wpcf7-validates-as-required\" id=\"participanteOption\" aria-required=\"true\" aria-invalid=\"false\"><option value=\"\">---<\/option><\/select><\/span><br \/>\n<\/label><\/p>\n<div data-id=\"group-1\" data-orig_data_id=\"group-1\"  data-class=\"wpcf7cf_group\">\n<label> T\u00edtulo da comunica\u00e7\u00e3o<br \/>\n    <span class=\"wpcf7-form-control-wrap comunicacao\"><input type=\"text\" name=\"comunicacao\" value=\"\" size=\"40\" class=\"wpcf7-form-control wpcf7-text wpcf7-validates-as-required\" id=\"comunicacao\" aria-required=\"true\" aria-invalid=\"false\" \/><\/span><br \/>\n<\/label>\n<\/div>\n<div data-id=\"group-2\" data-orig_data_id=\"group-2\"  data-class=\"wpcf7cf_group\">\n<label> Painel<br \/>\n    <span class=\"wpcf7-form-control-wrap painel\"><input type=\"text\" name=\"painel\" value=\"\" size=\"40\" class=\"wpcf7-form-control wpcf7-text wpcf7-validates-as-required\" id=\"painel\" aria-required=\"true\" aria-invalid=\"false\" \/><\/span><br \/>\n<\/label>\n<\/div>\n<div data-id=\"group-5\" data-orig_data_id=\"group-5\"  data-class=\"wpcf7cf_group\">\n<label> Alojamento<br \/>\n    <span class=\"wpcf7-form-control-wrap alojamento\"><select name=\"alojamento\" class=\"wpcf7-form-control wpcf7-select wpcf7-validates-as-required\" id=\"form_nome\" aria-required=\"true\" aria-invalid=\"false\"><option value=\"\">---<\/option><option value=\"Sim\">Sim<\/option><option value=\"N\u00e3o\">N\u00e3o<\/option><\/select><\/span><br \/>\n    <span>*a organiza\u00e7\u00e3o do evento assegura no m\u00e1ximo duas noites<\/span><br \/>\n<\/label>\n<\/div>\n<div data-id=\"group-3\" data-orig_data_id=\"group-3\"  data-class=\"wpcf7cf_group\">\n<label> Data de Check-in<br \/>\n<span class=\"wpcf7-form-control-wrap date-in\"><input type=\"date\" name=\"date-in\" value=\"\" class=\"wpcf7-form-control wpcf7-date wpcf7-validates-as-date\" aria-invalid=\"false\" \/><\/span><br \/>\n<\/label>\n<\/div>\n<div data-id=\"group-4\" data-orig_data_id=\"group-4\"  data-class=\"wpcf7cf_group\">\n<label> Data de Check-out<br \/>\n<span class=\"wpcf7-form-control-wrap date-out\"><input type=\"date\" name=\"date-out\" value=\"\" class=\"wpcf7-form-control wpcf7-date wpcf7-validates-as-date\" aria-invalid=\"false\" \/><\/span><br \/>\n<\/label>\n<\/div>\n<\/div>\n<div class=\"input_submit\">\n<span class=\"wpcf7-form-control-wrap recaptcha\" data-name=\"recaptcha\"><span data-sitekey=\"6LcV9xgpAAAAAFSg81792AXu3UHXITAMNG9GLS-t\" class=\"wpcf7-form-control g-recaptcha wpcf7-recaptcha\"><\/span>\r\n<noscript>\r\n\t<div class=\"grecaptcha-noscript\">\r\n\t\t<iframe src=\"https:\/\/www.google.com\/recaptcha\/api\/fallback?k=6LcV9xgpAAAAAFSg81792AXu3UHXITAMNG9GLS-t\" frameborder=\"0\" scrolling=\"no\" width=\"310\" height=\"430\">\r\n\t\t<\/iframe>\r\n\t\t<textarea name=\"g-recaptcha-response\" rows=\"3\" cols=\"40\" placeholder=\"reCaptcha Response Here\">\r\n\t\t<\/textarea>\r\n\t<\/div>\r\n<\/noscript>\r\n<\/span>\n<p>    <input type=\"submit\" value=\"ENVIAR\" class=\"wpcf7-form-control wpcf7-submit\" \/>\n<\/p><\/div>\n<\/div>\n<div class=\"wpcf7-response-output\" aria-hidden=\"true\"><\/div><\/form><\/div>[\/vc_column][\/vc_row]<\/p>\n","protected":false},"excerpt":{"rendered":"<p>[vc_row][vc_column][\/vc_column][\/vc_row]<\/p>\n","protected":false},"author":1,"featured_media":0,"parent":0,"menu_order":0,"comment_status":"closed","ping_status":"closed","template":"","meta":[],"_links":{"self":[{"href":"https:\/\/atlanticonference.uac.pt\/index.php?rest_route=\/wp\/v2\/pages\/954"}],"collection":[{"href":"https:\/\/atlanticonference.uac.pt\/index.php?rest_route=\/wp\/v2\/pages"}],"about":[{"href":"https:\/\/atlanticonference.uac.pt\/index.php?rest_route=\/wp\/v2\/types\/page"}],"author":[{"embeddable":true,"href":"https:\/\/atlanticonference.uac.pt\/index.php?rest_route=\/wp\/v2\/users\/1"}],"replies":[{"embeddable":true,"href":"https:\/\/atlanticonference.uac.pt\/index.php?rest_route=%2Fwp%2Fv2%2Fcomments&post=954"}],"version-history":[{"count":5,"href":"https:\/\/atlanticonference.uac.pt\/index.php?rest_route=\/wp\/v2\/pages\/954\/revisions"}],"predecessor-version":[{"id":1669,"href":"https:\/\/atlanticonference.uac.pt\/index.php?rest_route=\/wp\/v2\/pages\/954\/revisions\/1669"}],"wp:attachment":[{"href":"https:\/\/atlanticonference.uac.pt\/index.php?rest_route=%2Fwp%2Fv2%2Fmedia&parent=954"}],"curies":[{"name":"wp","href":"https:\/\/api.w.org\/{rel}","templated":true}]}}