{"id":643,"date":"2021-09-21T11:41:36","date_gmt":"2021-09-21T11:41:36","guid":{"rendered":"https:\/\/atlanticonference.uac.pt\/?page_id=643"},"modified":"2023-07-05T10:44:52","modified_gmt":"2023-07-05T10:44:52","slug":"painel","status":"publish","type":"page","link":"https:\/\/atlanticonference.uac.pt\/?page_id=643","title":{"rendered":"LIVRO DE RESUMOS"},"content":{"rendered":"<p>[vc_row][vc_column][vc_column_text]A Atlantic Conference: History, Culture and Heritage \u00e9 um encontro cient\u00edfico, de car\u00e1ter pluridisciplinar, organizado pelo CHAM A\u00e7ores, com o objetivo de manter uma periodicidade bianual. Especialmente focado nas Ci\u00eancias Humanas e Sociais, mas aberto a outros campos do conhecimento, ter\u00e1, em cada edi\u00e7\u00e3o, um tema espec\u00edfico. Estas reuni\u00f5es, que visam rasgar pontes entre as ilhas e os continentes, favorecendo a internacionaliza\u00e7\u00e3o, ter\u00e3o como espa\u00e7o anfitri\u00e3o as instala\u00e7\u00f5es da Universidade dos A\u00e7ores (campus de Ponta Delgada, ilha de S. Miguel).<\/p>\n<p>A 1.\u00aa edic\u0327a\u0303o decorreu entre 27 e 30 de setembro de 2021, teve como tema Leisure, Travel and Tourism, questo\u0303es bastante abrangentes e que assumem enorme releva\u0302ncia desde o passado longi\u0301nquo ate\u0301 a\u0300 atualidade, uma vez que as formas de convi\u0301vio e de sociabilidade sempre integraram os ha\u0301bitos da vida quotidiana. Por seu turno, as viagens, motivadas por mu\u0301ltiplos imperativos, acabaram por despertar para os tours turi\u0301sticos que, desde os se\u0301culos XVIII e XIX, encantaram as elites sociais, acabando por se estender ao turismo de massas. Foram inu\u0301meros os viajantes que cruzaram o Atla\u0302ntico, primeiro, por via mari\u0301tima, depois, por via ae\u0301rea, perfazendo a liga\u00e7\u00e3o entre os va\u0301rios continentes e as ilhas.<\/p>\n<p>&nbsp;<\/p>\n<p>Repartidos por diferentes paine\u0301is tem\u00e1ticos, estudiosos e especialistas nestas mate\u0301rias analisaram e debateram o papel do lazer e o ha\u0301bito das viagens na vida quotidiana, em diferentes e\u0301pocas, bem como o seu contributo para o incremento do turismo, que hoje assume uma dimens\u00e3o global.[\/vc_column_text][\/vc_column][\/vc_row]<\/p>\n","protected":false},"excerpt":{"rendered":"<p>[vc_row][vc_column][vc_column_text]A Atlantic Conference: History, Culture and Heritage \u00e9 um encontro cient\u00edfico, de car\u00e1ter pluridisciplinar, organizado pelo CHAM A\u00e7ores, com o objetivo de manter uma periodicidade bianual. Especialmente focado nas Ci\u00eancias Humanas e Sociais, mas aberto a outros campos do conhecimento, ter\u00e1, em cada edi\u00e7\u00e3o, um tema espec\u00edfico. Estas reuni\u00f5es, que visam rasgar pontes entre as<\/p>\n","protected":false},"author":1,"featured_media":0,"parent":0,"menu_order":0,"comment_status":"open","ping_status":"closed","template":"template-page-livro-resumo.php","meta":[],"_links":{"self":[{"href":"https:\/\/atlanticonference.uac.pt\/index.php?rest_route=\/wp\/v2\/pages\/643"}],"collection":[{"href":"https:\/\/atlanticonference.uac.pt\/index.php?rest_route=\/wp\/v2\/pages"}],"about":[{"href":"https:\/\/atlanticonference.uac.pt\/index.php?rest_route=\/wp\/v2\/types\/page"}],"author":[{"embeddable":true,"href":"https:\/\/atlanticonference.uac.pt\/index.php?rest_route=\/wp\/v2\/users\/1"}],"replies":[{"embeddable":true,"href":"https:\/\/atlanticonference.uac.pt\/index.php?rest_route=%2Fwp%2Fv2%2Fcomments&post=643"}],"version-history":[{"count":18,"href":"https:\/\/atlanticonference.uac.pt\/index.php?rest_route=\/wp\/v2\/pages\/643\/revisions"}],"predecessor-version":[{"id":1640,"href":"https:\/\/atlanticonference.uac.pt\/index.php?rest_route=\/wp\/v2\/pages\/643\/revisions\/1640"}],"wp:attachment":[{"href":"https:\/\/atlanticonference.uac.pt\/index.php?rest_route=%2Fwp%2Fv2%2Fmedia&parent=643"}],"curies":[{"name":"wp","href":"https:\/\/api.w.org\/{rel}","templated":true}]}}