{"id":11,"date":"2015-07-26T13:23:32","date_gmt":"2015-07-26T13:23:32","guid":{"rendered":"http:\/\/bunch.asiandevelopers.com\/wp\/meeton\/?page_id=11"},"modified":"2026-05-05T15:23:56","modified_gmt":"2026-05-05T15:23:56","slug":"home-style-three","status":"publish","type":"page","link":"https:\/\/atlanticonference.uac.pt\/","title":{"rendered":"Home"},"content":{"rendered":"<p>[vc_row el_class=&#8221;main-slider&#8221;][vc_column][rev_slider_vc alias=&#8221;home&#8221;][\/vc_column][\/vc_row][vc_row][vc_column][vc_empty_space][vc_column_text]\r\n\t<section class=\"features-section\">\r\n\t\t<div class=\"auto-container\">\r\n\t\t\t<div class=\"sec-title wow fadeInUp animated\" data-wow-delay=\"200ms\" data-wow-duration=\"1000ms\" style=\"visibility: visible; animation-duration: 1000ms; animation-delay: 200ms; animation-name: fadeInUp;\">\r\n\t\t\t\t<h2>Os nossos Objetivos<\/h2>\r\n\t\t\t<\/div>\r\n\t\t\t<div class=\"sec-text wow fadeInUp animated\" data-wow-delay=\"200ms\" data-wow-duration=\"1000ms\" style=\"visibility: visible; animation-duration: 1000ms; animation-delay: 200ms; animation-name: fadeInUp;\">\r\n\t\t\t\t<p>Atlantic Conference: History, Culture and Heritage<\/p>\r\n\t\t\t<\/div>\r\n\t\t\t<div class=\"row clearfix\">\r\n\t\t\t\t\t\t<article class=\"col-md-3 col-sm-6 col-xs-12 post wow fadeInUp animated\" data-wow-delay=\"600ms\" data-wow-duration=\"1000ms\" style=\"visibility: visible; animation-duration: 1000ms; animation-delay: 600ms; animation-name: fadeInUp;\">\r\n\t\t\t\t\t\t\t<div class=\"inner\">\r\n\t\t\t\t\t\t\t\t<div class=\"icon\"><img src=\"https:\/\/atlanticonference.uac.pt\/wp-content\/uploads\/2021\/09\/icon-schedule-1.png\" alt=\"image\"><\/div>\r\n\t\t\t\t\t\t\t\t<h3>CARACTERIZA\u00c7\u00c3O<\/h3>\r\n\t\t\t\t\t\t\t\t<div class=\"text\">\r\n\t\t\t\t\t\t\t\t\t<p>Encontro cient\u00edfico de car\u00e1ter multidisciplinar, a realizar com uma periodicidade bianual, no Campus de Ponta Delgada da Universidade dos A\u00e7ores e, eventualmente noutros locais que permitam descentralizar os trabalhos.<br \/>\r\nEm cada Edi\u00e7\u00e3o haver\u00e1 um tema espec\u00edfico diferente.<\/p>\r\n\t\t\t\t\t\t\t\t<\/div>\r\n\t\t\t\t\t\t\t<\/div>\r\n\t\t\t\t\t\t<\/article>\r\n\t\t\t\t\t\t<article class=\"col-md-3 col-sm-6 col-xs-12 post wow fadeInUp animated\" data-wow-delay=\"600ms\" data-wow-duration=\"1000ms\" style=\"visibility: visible; animation-duration: 1000ms; animation-delay: 600ms; animation-name: fadeInUp;\">\r\n\t\t\t\t\t\t\t<div class=\"inner\">\r\n\t\t\t\t\t\t\t\t<div class=\"icon\"><img src=\"https:\/\/atlanticonference.uac.pt\/wp-content\/uploads\/2021\/09\/icon-saving-1.png\" alt=\"image\"><\/div>\r\n\t\t\t\t\t\t\t\t<h3>OBJETIVO I<\/h3>\r\n\t\t\t\t\t\t\t\t<div class=\"text\">\r\n\t\t\t\t\t\t\t\t\t<p>Com este encontro pretende-se reunir, em diferentes pain\u00e9is, estudiosos e especialistas para analisar, problematizar e debater os temas em apre\u00e7o. Na primeira edi\u00e7\u00e3o, realizada em 2021, o tema foi \"Lazer, Viagem e Turismo\".<\/p>\r\n\t\t\t\t\t\t\t\t<\/div>\r\n\t\t\t\t\t\t\t<\/div>\r\n\t\t\t\t\t\t<\/article>\r\n\t\t\t\t\t\t<article class=\"col-md-3 col-sm-6 col-xs-12 post wow fadeInUp animated\" data-wow-delay=\"600ms\" data-wow-duration=\"1000ms\" style=\"visibility: visible; animation-duration: 1000ms; animation-delay: 600ms; animation-name: fadeInUp;\">\r\n\t\t\t\t\t\t\t<div class=\"inner\">\r\n\t\t\t\t\t\t\t\t<div class=\"icon\"><img src=\"https:\/\/atlanticonference.uac.pt\/wp-content\/uploads\/2021\/09\/icon-balancing-1.png\" alt=\"image\"><\/div>\r\n\t\t\t\t\t\t\t\t<h3>OBJETIVO II<\/h3>\r\n\t\t\t\t\t\t\t\t<div class=\"text\">\r\n\t\t\t\t\t\t\t\t\t<p>Este Congresso tamb\u00e9m tem por finalidade promover a internacionaliza\u00e7\u00e3o do CHAM A\u00e7ores e da Academia, bem como, a cria\u00e7\u00e3o de redes de contato que possam vir a propiciar projetos de investiga\u00e7\u00e3o e publica\u00e7\u00f5es.<\/p>\r\n\t\t\t\t\t\t\t\t<\/div>\r\n\t\t\t\t\t\t\t<\/div>\r\n\t\t\t\t\t\t<\/article>\r\n\t\t\t\t\t\t<article class=\"col-md-3 col-sm-6 col-xs-12 post wow fadeInUp animated\" data-wow-delay=\"600ms\" data-wow-duration=\"1000ms\" style=\"visibility: visible; animation-duration: 1000ms; animation-delay: 600ms; animation-name: fadeInUp;\">\r\n\t\t\t\t\t\t\t<div class=\"inner\">\r\n\t\t\t\t\t\t\t\t<div class=\"icon\"><img src=\"https:\/\/atlanticonference.uac.pt\/wp-content\/uploads\/2021\/09\/icon-money.png\" alt=\"image\"><\/div>\r\n\t\t\t\t\t\t\t\t<h3>FINANCIAMENTO<\/h3>\r\n\t\t\t\t\t\t\t\t<div class=\"text\">\r\n\t\t\t\t\t\t\t\t\t<p>FCT - Funda\u00e7\u00e3o para a Ci\u00eancia e a Tecnologia, I. P. - no \u00e2mbito do projeto  UID\/HIS\/04666\/2019; UIDB\/04666\/2020 https:\/\/doi.org\/10.54499\/UIDB\/04666\/2020; UID\/04666\/2025 - https:\/\/doi.org\/10.54499\/UID\/04666\/2025.<br \/>\r\n<br \/>\r\nDRCT - Dire\u00e7\u00e3o Regional da Ci\u00eancia e Tecnologia dos A\u00e7ores<br \/>\r\nM1.1.a\/009\/Funcionamento\/2020 (CHAM)<br \/>\r\n<br \/>\r\nDRCID - Dire\u00e7\u00e3o Regional da Ci\u00eancia, Inova\u00e7\u00e3o e Desenvolvimento dos A\u00e7ores<br \/>\r\nRef\u00aa M1.1 A\/FUNC.UI&D\/020\/2025, atrav\u00e9s do Sistema de Incentivos PROSCIENTIA<\/p>\r\n\t\t\t\t\t\t\t\t<\/div>\r\n\t\t\t\t\t\t\t<\/div>\r\n\t\t\t\t\t\t<\/article>\r\n\t\t\t\t\t\t<article class=\"col-md-3 col-sm-6 col-xs-12 post wow fadeInUp animated\" data-wow-delay=\"600ms\" data-wow-duration=\"1000ms\" style=\"visibility: visible; animation-duration: 1000ms; animation-delay: 600ms; animation-name: fadeInUp;\">\r\n\t\t\t\t\t\t\t<div class=\"inner\">\r\n\t\t\t\t\t\t\t\t<div class=\"icon\"><img src=\"https:\/\/atlanticonference.uac.pt\/wp-content\/uploads\/2025\/02\/INTERNATIONAL-CONFERENCE-ALERTS-1-1-2-150x150.png\" alt=\"image\"><\/div>\r\n\t\t\t\t\t\t\t\t<h3>MEDIA PARTNER<\/h3>\r\n\t\t\t\t\t\t\t\t<div class=\"text\">\r\n\t\t\t\t\t\t\t\t\t<p>International Conference Alerts<br \/>\r\n<br \/>\r\nWebsite URL: https:\/\/internationalconferencealerts.com<br \/>\r\n<br \/>\r\n <\/p>\r\n\t\t\t\t\t\t\t\t<\/div>\r\n\t\t\t\t\t\t\t<\/div>\r\n\t\t\t\t\t\t<\/article>\r\n\t\t\t<\/div>\r\n\t\t<\/div>\r\n\t<\/section>[\/vc_column_text][vc_empty_space][\/vc_column][\/vc_row][vc_row][vc_column][vc_column_text]\r\n\t<section class=\"latest-posts\">\r\n\t\t<div class=\"texture-layer\" style=\"background-image:url('https:\/\/atlanticonference.uac.pt\/wp-content\/themes\/meeton\/images\/noticias-banner.png');\"><\/div>\r\n\t\t<div class=\"auto-container\">\r\n\t   \t\t<div class=\"sec-title wow fadeInUp animated\" data-wow-delay=\"200ms\" data-wow-duration=\"1000ms\" style=\"visibility: visible; animation-duration: 1000ms; animation-delay: 200ms; animation-name: fadeInUp;\">\r\n\t\t  \t\t<h2>\u00daltimas Not\u00edcias<\/h2>\r\n\t   \t\t<\/div>\r\n\t   \t\t<div class=\"row clearfix\">\r\n\t\t\t\t\t\t<article class=\"col-lg-3 col-md-4 col-sm-6 col-xs-12 post\">\r\n\t\t\t\t\t\t\t<div class=\"inner\">\r\n\t\t\t\t\t\t\t<div class=\"upper\">\r\n\t\t\t\t\t\t\t\t<header class=\"post-title\">\r\n\t\t\t\t\t\t\t\t\t<h3><a href=\"https:\/\/atlanticonference.uac.pt\/?p=2068\">PROGRAMA E LIVRO DE RESUMOS<\/a><\/h3>\r\n\t\t\t\t\t\t\t\t<\/header>\r\n\t\t\t\t\t\t\t\t<div class=\"desc\">\r\n\t\t\t\t\t\t\t\t\t<div class=\"text\">j\u00e1 dispon\u00edveis nos separadores!!<\/div>\r\n\t\t\t\t\t\t\t\t\t<a href=\"https:\/\/atlanticonference.uac.pt\/?p=2068\" class=\"more hvr-bounce-to-right\"><span class=\"fa fa-play\"><\/span><\/a>\r\n\t\t\t\t\t\t\t\t\t<br>\r\n\t\t\t\t\t\t\t\t\t<div class=\"info\">1 de Agosto, 2025<\/div>\r\n\t\t\t\t\t\t\t\t<\/div>\r\n\t\t\t\t\t\t\t<\/div>\r\n\t\t\t\t\t\t\t\t<figure class=\"post-image\">\r\n\t\t\t\t\t\t\t\t\t<img width=\"270\" height=\"264\" src=\"https:\/\/atlanticonference.uac.pt\/wp-content\/uploads\/2025\/08\/atlantic2025_30jul-1-1-scaled.jpg\" class=\"img-responsive wp-post-image\" alt=\"\" loading=\"lazy\">\t\t\t\t\t\t\t\r\n\t\t\t\t\t\t\t\t\t<div class=\"overlay\">\r\n\t\t\t\t\t\t\t\t\t\t<div class=\"overlay-content\">\r\n\t\t\t\t\t\t\t\t\t\t\t<p><a href=\"https:\/\/atlanticonference.uac.pt\/?p=2068\" class=\"theme-btn btn-style-one hvr-bounce-to-right\">Ler mais<\/a><\/p>\r\n\t\t\t\t\t\t\t\t\t\t<\/div>\r\n\t\t\t\t\t\t\t\t\t<\/div>\r\n\t\t\t\t\t\t\t\t<\/figure>\r\n\t\t\t\t\t\t\t<\/div>\r\n\t\t\t\t\t\t<\/article>\r\n\t\t\t\t\t\t<article class=\"col-lg-3 col-md-4 col-sm-6 col-xs-12 post\">\r\n\t\t\t\t\t\t\t<div class=\"inner\">\r\n\t\t\t\t\t\t\t<div class=\"upper\">\r\n\t\t\t\t\t\t\t\t<header class=\"post-title\">\r\n\t\t\t\t\t\t\t\t\t<h3><a href=\"https:\/\/atlanticonference.uac.pt\/?p=2037\">LAST CALL! 31 MAIO<\/a><\/h3>\r\n\t\t\t\t\t\t\t\t<\/header>\r\n\t\t\t\t\t\t\t\t<div class=\"desc\">\r\n\t\t\t\t\t\t\t\t\t<div class=\"text\">Call for Papers at\u00e9 31\u00a0Maio<\/div>\r\n\t\t\t\t\t\t\t\t\t<a href=\"https:\/\/atlanticonference.uac.pt\/?p=2037\" class=\"more hvr-bounce-to-right\"><span class=\"fa fa-play\"><\/span><\/a>\r\n\t\t\t\t\t\t\t\t\t<br>\r\n\t\t\t\t\t\t\t\t\t<div class=\"info\">19 de Maio, 2025<\/div>\r\n\t\t\t\t\t\t\t\t<\/div>\r\n\t\t\t\t\t\t\t<\/div>\r\n\t\t\t\t\t\t\t\t<figure class=\"post-image\">\r\n\t\t\t\t\t\t\t\t\t<img width=\"270\" height=\"264\" src=\"https:\/\/atlanticonference.uac.pt\/wp-content\/uploads\/2025\/05\/atlantic2025_16maio_compressed-scaled.jpg\" class=\"img-responsive wp-post-image\" alt=\"\" loading=\"lazy\">\t\t\t\t\t\t\t\r\n\t\t\t\t\t\t\t\t\t<div class=\"overlay\">\r\n\t\t\t\t\t\t\t\t\t\t<div class=\"overlay-content\">\r\n\t\t\t\t\t\t\t\t\t\t\t<p><a href=\"https:\/\/atlanticonference.uac.pt\/?p=2037\" class=\"theme-btn btn-style-one hvr-bounce-to-right\">Ler mais<\/a><\/p>\r\n\t\t\t\t\t\t\t\t\t\t<\/div>\r\n\t\t\t\t\t\t\t\t\t<\/div>\r\n\t\t\t\t\t\t\t\t<\/figure>\r\n\t\t\t\t\t\t\t<\/div>\r\n\t\t\t\t\t\t<\/article>\r\n\t\t\t\t\t\t<article class=\"col-lg-3 col-md-4 col-sm-6 col-xs-12 post\">\r\n\t\t\t\t\t\t\t<div class=\"inner\">\r\n\t\t\t\t\t\t\t<div class=\"upper\">\r\n\t\t\t\t\t\t\t\t<header class=\"post-title\">\r\n\t\t\t\t\t\t\t\t\t<h3><a href=\"https:\/\/atlanticonference.uac.pt\/?p=2014\">NOVO Media Partner<\/a><\/h3>\r\n\t\t\t\t\t\t\t\t<\/header>\r\n\t\t\t\t\t\t\t\t<div class=\"desc\">\r\n\t\t\t\t\t\t\t\t\t<div class=\"text\">\u00a0Website URL \u00a0https:\/\/internationalconferencealerts.com &nbsp;<\/div>\r\n\t\t\t\t\t\t\t\t\t<a href=\"https:\/\/atlanticonference.uac.pt\/?p=2014\" class=\"more hvr-bounce-to-right\"><span class=\"fa fa-play\"><\/span><\/a>\r\n\t\t\t\t\t\t\t\t\t<br>\r\n\t\t\t\t\t\t\t\t\t<div class=\"info\">24 de Fevereiro, 2025<\/div>\r\n\t\t\t\t\t\t\t\t<\/div>\r\n\t\t\t\t\t\t\t<\/div>\r\n\t\t\t\t\t\t\t\t<figure class=\"post-image\">\r\n\t\t\t\t\t\t\t\t\t<img width=\"270\" height=\"264\" src=\"https:\/\/atlanticonference.uac.pt\/wp-content\/uploads\/2025\/02\/INTERNATIONAL-CONFERENCE-ALERTS-3.png\" class=\"img-responsive wp-post-image\" alt=\"\" loading=\"lazy\">\t\t\t\t\t\t\t\r\n\t\t\t\t\t\t\t\t\t<div class=\"overlay\">\r\n\t\t\t\t\t\t\t\t\t\t<div class=\"overlay-content\">\r\n\t\t\t\t\t\t\t\t\t\t\t<p><a href=\"https:\/\/atlanticonference.uac.pt\/?p=2014\" class=\"theme-btn btn-style-one hvr-bounce-to-right\">Ler mais<\/a><\/p>\r\n\t\t\t\t\t\t\t\t\t\t<\/div>\r\n\t\t\t\t\t\t\t\t\t<\/div>\r\n\t\t\t\t\t\t\t\t<\/figure>\r\n\t\t\t\t\t\t\t<\/div>\r\n\t\t\t\t\t\t<\/article>\r\n\t\t\t\t\t\t<article class=\"col-lg-3 col-md-4 col-sm-6 col-xs-12 post\">\r\n\t\t\t\t\t\t\t<div class=\"inner\">\r\n\t\t\t\t\t\t\t<div class=\"upper\">\r\n\t\t\t\t\t\t\t\t<header class=\"post-title\">\r\n\t\t\t\t\t\t\t\t\t<h3><a href=\"https:\/\/atlanticonference.uac.pt\/?p=1878\">III Atlantic Conference 2025 | Fears, Beliefs and Representations | 23 a 26 Setembro<\/a><\/h3>\r\n\t\t\t\t\t\t\t\t<\/header>\r\n\t\t\t\t\t\t\t\t<div class=\"desc\">\r\n\t\t\t\t\t\t\t\t\t<div class=\"text\">ABERTURA!\u00a0Call for Papers at\u00e9 15 Maio &nbsp;<\/div>\r\n\t\t\t\t\t\t\t\t\t<a href=\"https:\/\/atlanticonference.uac.pt\/?p=1878\" class=\"more hvr-bounce-to-right\"><span class=\"fa fa-play\"><\/span><\/a>\r\n\t\t\t\t\t\t\t\t\t<br>\r\n\t\t\t\t\t\t\t\t\t<div class=\"info\">3 de Fevereiro, 2025<\/div>\r\n\t\t\t\t\t\t\t\t<\/div>\r\n\t\t\t\t\t\t\t<\/div>\r\n\t\t\t\t\t\t\t\t<figure class=\"post-image\">\r\n\t\t\t\t\t\t\t\t\t<img width=\"270\" height=\"264\" src=\"https:\/\/atlanticonference.uac.pt\/wp-content\/uploads\/2025\/02\/atlantic2025_14-02-1-1-scaled.jpg\" class=\"img-responsive wp-post-image\" alt=\"\" loading=\"lazy\">\t\t\t\t\t\t\t\r\n\t\t\t\t\t\t\t\t\t<div class=\"overlay\">\r\n\t\t\t\t\t\t\t\t\t\t<div class=\"overlay-content\">\r\n\t\t\t\t\t\t\t\t\t\t\t<p><a href=\"https:\/\/atlanticonference.uac.pt\/?p=1878\" class=\"theme-btn btn-style-one hvr-bounce-to-right\">Ler mais<\/a><\/p>\r\n\t\t\t\t\t\t\t\t\t\t<\/div>\r\n\t\t\t\t\t\t\t\t\t<\/div>\r\n\t\t\t\t\t\t\t\t<\/figure>\r\n\t\t\t\t\t\t\t<\/div>\r\n\t\t\t\t\t\t<\/article>\r\n\t   <\/div>\r\n\t<\/div>\r\n <\/section>[\/vc_column_text][vc_empty_space][\/vc_column][\/vc_row][vc_row][vc_column][vc_column_text]\r\n\t<section class=\"secao-oradores\" style=\"padding: 60px 0px 80px;\">\r\n\t\t<div class=\"container\">\r\n\t\t\t\t<div class=\"sec-title wow fadeInUp animated\" data-wow-delay=\"200ms\" data-wow-duration=\"1000ms\" style=\"visibility: visible; animation-duration: 1000ms; animation-delay: 200ms; animation-name: fadeInUp; margin-top:50px; margin-bottom: 25px; text-align: center;\">\r\n\t\t\t\t\t<h2>Keynote speakers<\/h2>\r\n\t\t\t\t<\/div>\r\n\t\t\t\t<div class=\"row comFotoRow\">\r\n\t\t\t\t\t\t\t<article class=\"col-lg-4 col-md-6 col-sm-6 col-xs-12\">\r\n\t\t\t\t\t\t\t\t<div class=\"inner\">\r\n\t\t\t\t\t\t\t\t\t<figure class=\"membro-imagem\" style=\"position: relative; margin-left: -1px; margin-right: -1px;\">\r\n\t\t\t\t\t\t\t\t\t\t<img width=\"270\" height=\"216\" src=\"https:\/\/atlanticonference.uac.pt\/wp-content\/uploads\/2025\/02\/CamillaAsplundIngemark-scaled.jpg\" class=\"img-responsive wp-post-image\" style=\"display: block; width: 100%; height: 325px; object-fit: cover;\">\r\n\t\t\t\t\t\t\t\t\t<\/figure>\r\n\t\t\t\t\t\t\t\t\t<div class=\"informacoes\" style=\"position: relative; padding: 0px 15px 10px 20px; color: #7f7f7f;\">\r\n\t\t\t\t\t\t\t\t\t\t<div class=\"membro-titulo\" style=\"position: relative; max-width: 420px; margin: -40px 15px 0px; padding: 15px 5px 10px; border: 1px solid #d0d0d0; background: #ffffff; text-align: center;\"><h5 style=\"font-size: 18px; font-family: 'Droid Sans',sans-serif; color: #292929; font-weight: bold;\"><a href=\"https:\/\/www.uu.se\/en\/contact-and-organisation\/staff?query=N16-2238\" target=\"_blank\">Camilla Asplund Ingemark<\/a><\/h5><p><span class=\"instituicao\" style=\"font-size: 14px;\">Uppsala University - Su\u00e9cia<\/span><\/p><span class=\"profissao\" style=\"font-size: 15px; color: #0084d8; font-weight: bold;\">Membro da Comiss\u00e3o Cient\u00edfica<\/span>\r\n\t\t\t\t\t\t\t\t\t\t<\/div>\r\n\t\t\t\t\t\t\t\t\t<\/div>\r\n\t\t\t\t\t\t\t\t<\/div>\r\n\t\t\t\t\t\t\t<\/article>\r\n\t\t\t\t\t\t\t<article class=\"col-lg-4 col-md-6 col-sm-6 col-xs-12\">\r\n\t\t\t\t\t\t\t\t<div class=\"inner\">\r\n\t\t\t\t\t\t\t\t\t<figure class=\"membro-imagem\" style=\"position: relative; margin-left: -1px; margin-right: -1px;\">\r\n\t\t\t\t\t\t\t\t\t\t<img width=\"270\" height=\"216\" src=\"https:\/\/atlanticonference.uac.pt\/wp-content\/uploads\/2025\/02\/JoannaBourke-BritishAc-scaled.jpg\" class=\"img-responsive wp-post-image\" style=\"display: block; width: 100%; height: 325px; object-fit: cover;\">\r\n\t\t\t\t\t\t\t\t\t<\/figure>\r\n\t\t\t\t\t\t\t\t\t<div class=\"informacoes\" style=\"position: relative; padding: 0px 15px 10px 20px; color: #7f7f7f;\">\r\n\t\t\t\t\t\t\t\t\t\t<div class=\"membro-titulo\" style=\"position: relative; max-width: 420px; margin: -40px 15px 0px; padding: 15px 5px 10px; border: 1px solid #d0d0d0; background: #ffffff; text-align: center;\"><h5 style=\"font-size: 18px; font-family: 'Droid Sans',sans-serif; color: #292929; font-weight: bold;\"><a href=\"https:\/\/www.thebritishacademy.ac.uk\/fellows\/joanna-bourke-FBA\/\" target=\"_blank\">Joanna Bourke<\/a><\/h5><p><span class=\"instituicao\" style=\"font-size: 14px;\">Birkbeck College, University of London - Inglaterra<\/span><\/p><span class=\"profissao\" style=\"font-size: 15px; color: #0084d8; font-weight: bold;\">Membro da Comiss\u00e3o Cient\u00edfica<\/span>\r\n\t\t\t\t\t\t\t\t\t\t<\/div>\r\n\t\t\t\t\t\t\t\t\t<\/div>\r\n\t\t\t\t\t\t\t\t<\/div>\r\n\t\t\t\t\t\t\t<\/article>\r\n\t\t\t\t\t\t\t<article class=\"col-lg-4 col-md-6 col-sm-6 col-xs-12\">\r\n\t\t\t\t\t\t\t\t<div class=\"inner\">\r\n\t\t\t\t\t\t\t\t\t<figure class=\"membro-imagem\" style=\"position: relative; margin-left: -1px; margin-right: -1px;\">\r\n\t\t\t\t\t\t\t\t\t\t<img width=\"270\" height=\"216\" src=\"https:\/\/atlanticonference.uac.pt\/wp-content\/uploads\/2025\/02\/investigador_josepedropaiva.jpg\" class=\"img-responsive wp-post-image\" style=\"display: block; width: 100%; height: 325px; object-fit: cover;\">\r\n\t\t\t\t\t\t\t\t\t<\/figure>\r\n\t\t\t\t\t\t\t\t\t<div class=\"informacoes\" style=\"position: relative; padding: 0px 15px 10px 20px; color: #7f7f7f;\">\r\n\t\t\t\t\t\t\t\t\t\t<div class=\"membro-titulo\" style=\"position: relative; max-width: 420px; margin: -40px 15px 0px; padding: 15px 5px 10px; border: 1px solid #d0d0d0; background: #ffffff; text-align: center;\"><h5 style=\"font-size: 18px; font-family: 'Droid Sans',sans-serif; color: #292929; font-weight: bold;\"><a href=\"https:\/\/chsc.uc.pt\/investigador\/jose-pedro-paiva\/\" target=\"_blank\">Jos\u00e9 Pedro Paiva<\/a><\/h5><p><span class=\"instituicao\" style=\"font-size: 14px;\">CHSC \u2013 Universidade de Coimbra - Portugal<\/span><\/p><span class=\"profissao\" style=\"font-size: 15px; color: #0084d8; font-weight: bold;\">Membro da Comiss\u00e3o Cient\u00edfica<\/span>\r\n\t\t\t\t\t\t\t\t\t\t<\/div>\r\n\t\t\t\t\t\t\t\t\t<\/div>\r\n\t\t\t\t\t\t\t\t<\/div>\r\n\t\t\t\t\t\t\t<\/article>\r\n\t\t\t\t<\/div>\r\n\t\t\t\t<div class=\"sec-title wow fadeInUp animated\" data-wow-delay=\"200ms\" data-wow-duration=\"1000ms\" style=\"visibility: visible; animation-duration: 1000ms; animation-delay: 200ms; animation-name: fadeInUp; margin-top:50px; margin-bottom: 25px; text-align: center;\">\r\n\t\t\t\t\t<h2>Comiss\u00e3o Cient\u00edfica<\/h2>\r\n\t\t\t\t<\/div>\r\n\t\t\t\t\t<div class=\"row\" style=\"margin-bottom: 50px;\"><p style=\"text-align: center;\"><a href=\"https:\/\/cham.fcsh.unl.pt\/en\/research-profile.php?p=1726\" target=\"_blank\">Assun\u00e7\u00e3o Melo<\/a> - CHAM A\u00e7ores \u2013 Centro de Humanidades (FCSH-NOVA\/UAc)<\/p><p style=\"text-align: center;\"><a href=\"https:\/\/cham.fcsh.unl.pt\/en\/research-profile.php?p=1807\" target=\"_blank\">Isabel Soares de Albergaria<\/a> - CHAM A\u00e7ores \u2013 Centro de Humanidades (FCSH-NOVA\/UAc)<\/p><p style=\"text-align: center;\"><a href=\"https:\/\/chsc.uc.pt\/investigador\/irene-maria-mendes-vaquinhas\/\" target=\"_blank\">Irene Vaquinhas<\/a> - CHSC - Centro de Hist\u00f3ria da Sociedade e da Cultura (Universidade de Coimbra - Portugal)<\/p><p style=\"text-align: center;\"><a href=\"https:\/\/cham.fcsh.unl.pt\/en\/research-profile.php?p=1656\" target=\"_blank\">Joa\u0303o Paulo Oliveira e Costa<\/a> - CHAM - FCSH\/Universidade Nova de Lisboa <\/p><p style=\"text-align: center;\"><a href=\"https:\/\/www.cepese.pt\/portal\/pt\/publicacoes\/autores\/lena-medeiros-de-menezes\" target=\"_blank\">Len\u00e1 Medeiros de Menezes<\/a> - UERJ - Universidade Estadual do Rio de Janeiro (Rio de Janeiro - Brasil)<\/p><p style=\"text-align: center;\"><a href=\"https:\/\/cham.fcsh.unl.pt\/en\/research-profile.php?p=1857\" target=\"_blank\">Margarida S\u00e1 Nogueira Lalanda<\/a> - CHAM A\u00e7ores \u2013 Centro de Humanidades (FCSH-NOVA\/UAc)<\/p><p style=\"text-align: center;\"><a href=\"https:\/\/www.cepese.pt\/portal\/pt\/publicacoes\/autores\/maria-izilda-santos-de-matos\" target=\"_blank\">Maria Izilda Matos<\/a> - PUC \u2013 Pontif\u00edcia Universidade Cat\u00f3lica de S. Paulo (S. Paulo \u2013 Brasil)<\/p><p style=\"text-align: center;\"><a href=\"https:\/\/www2.ulpgc.es\/index.php?pagina=crrPDI&ver=pdi&consulta=NDI5Mjk5OTc=\" target=\"_blank\">Pablo Atoche<\/a> - ULPGC - Universidad de Las Palmas de Gran Canaria  (Las Palmas \u2013 Canarias \u2013 Espanha)<\/p><p style=\"text-align: center;\"><a href=\"https:\/\/cham.fcsh.unl.pt\/en\/research-profile.php?p=1987\" target=\"_blank\">Susana Goulart Costa<\/a> - CHAM A\u00e7ores \u2013 Centro de Humanidades (FCSH-NOVA\/UAc)<\/p><p style=\"text-align: center;\"><a href=\"https:\/\/cham.fcsh.unl.pt\/en\/research-profile.php?p=1655\" target=\"_blank\">Susana Serpa Silva<\/a> - CHAM A\u00e7ores \u2013 Centro de Humanidades (FCSH-NOVA\/UAc)<\/p><\/div>\r\n\t\t\t\t<div class=\"sec-title wow fadeInUp animated\" data-wow-delay=\"200ms\" data-wow-duration=\"1000ms\" style=\"visibility: visible; animation-duration: 1000ms; animation-delay: 200ms; animation-name: fadeInUp; margin-top:50px; margin-bottom: 25px; text-align: center;\">\r\n\t\t\t\t\t<h2>Comiss\u00e3o Organizadora<\/h2>\r\n\t\t\t\t<\/div>\r\n\t\t\t\t\t<div class=\"row\" style=\"margin-bottom: 50px;\"><p style=\"text-align: center;\"><a href=\"https:\/\/cham.fcsh.unl.pt\/en\/research-profile.php?p=1726\" target=\"_blank\">Assun\u00e7\u00e3o Melo<\/a> - CHAM A\u00e7ores \u2013 Centro de Humanidades (FCSH-NOVA\/UAc)<\/p><p style=\"text-align: center;\">Bruna Val\u00e9rio - CHAM A\u00e7ores \u2013 Centro de Humanidades (FCSH-NOVA\/UAc)<\/p><p style=\"text-align: center;\">Joana Branco Martins - CHAM A\u00e7ores - Centro de Humanidades<\/p><p style=\"text-align: center;\"><a href=\"https:\/\/cham.fcsh.unl.pt\/en\/research-profile.php?p=1987\" target=\"_blank\">Susana Goulart Costa<\/a> - CHAM A\u00e7ores \u2013 Centro de Humanidades (FCSH-NOVA\/UAc)<\/p><p style=\"text-align: center;\"><a href=\"https:\/\/cham.fcsh.unl.pt\/en\/research-profile.php?p=1655\" target=\"_blank\">Susana Serpa Silva<\/a> - CHAM A\u00e7ores \u2013 Centro de Humanidades (FCSH-NOVA\/UAc)<\/p><\/div>\r\n\t\t<\/div>\r\n\t<\/section>\r\n\t[\/vc_column_text][vc_empty_space][\/vc_column][\/vc_row][vc_row el_class=&#8221;patri&#8221;][vc_column][vc_column_text]\r\n\t\t<style>\r\n\t\t\t.secao-patrocinadores:before { \r\n\t\t\t\tcontent: '';\r\n\t\t\t\tposition: absolute;\r\n\t\t\t\tdisplay: block;\r\n\t\t\t\tleft: 0px;\r\n\t\t\t\ttop: 0px;\r\n\t\t\t\twidth: 100%;\r\n\t\t\t\theight: 100%;\r\n\t\t\t\tz-index: 0;\r\n\t\t\t\tbackground: #11c3f0;\r\n\t\t\t\topacity: 0.90;\r\n\t\t\t}\r\n\t\t<\/style>\r\n\r\n\r\n\t\t<section class=\"secao-patrocinadores\" style=\"background-image: url('https:\/\/atlanticonference.uac.pt\/wp-content\/themes\/meeton\/images\/patrocinadores-banner.jpg');\r\n\t\tposition: relative;\r\n\t\tpadding: 100px 0px;\r\n\t\tcolor: #ffffff;\r\n\t\tbackground-size: cover;\r\n\t\tbackground-attachment: fixed;\r\n\t\tbackground-repeat: no-repeat;\r\n\t\tbackground-position: center center;\">\r\n\t\t\t<div class=\"container\" style=\"position: relative; z-index: 5; position: static; max-width: 1200px; padding: 0px 15px; margin: 0 auto;\">\r\n\t\t\t\t<div class=\"row patrocinadores\">\r\n\t\t\t\t\t\t\t<div class=\"col-md-2\">\r\n\t\t\t\t\t\t\t\t<div class=\"img-circle bolaquadrada\">\r\n\t\t\t\t\t\t\t\t\t<img src=\"https:\/\/atlanticonference.uac.pt\/wp-content\/uploads\/2021\/09\/2022_FCT_Logo_B_horizontal_preto-scaled.jpg\" class=\"img-responsive imagemquadrada\" style=\"width: 100%; height: auto; background-color: #fff;\">\r\n\t\t\t\t\t\t\t\t<\/div>\r\n\t\t\t\t\t\t\t<\/div>\r\n\t\t\t\t\t\t\t<div class=\"col-md-2\">\r\n\t\t\t\t\t\t\t\t<div class=\"img-circle bolaquadrada\">\r\n\t\t\t\t\t\t\t\t\t<img src=\"https:\/\/atlanticonference.uac.pt\/wp-content\/uploads\/2021\/09\/CHAM-acores-horizontal-AF-1.png\" class=\"img-responsive imagemquadrada\" style=\"width: 100%; height: auto; background-color: #fff;\">\r\n\t\t\t\t\t\t\t\t<\/div>\r\n\t\t\t\t\t\t\t<\/div>\r\n\t\t\t\t\t\t\t<div class=\"col-md-2\">\r\n\t\t\t\t\t\t\t\t<div class=\"img-circle bolaquadrada\">\r\n\t\t\t\t\t\t\t\t\t<img src=\"https:\/\/atlanticonference.uac.pt\/wp-content\/uploads\/2021\/09\/governo-dos-acores-1.png\" class=\"img-responsive imagemquadrada\" style=\"width: 100%; height: auto; background-color: #fff;\">\r\n\t\t\t\t\t\t\t\t<\/div>\r\n\t\t\t\t\t\t\t<\/div>\r\n\t\t\t\t\t\t\t<div class=\"col-md-2\">\r\n\t\t\t\t\t\t\t\t<div class=\"img-circle bolaquadrada\">\r\n\t\t\t\t\t\t\t\t\t<img src=\"https:\/\/atlanticonference.uac.pt\/wp-content\/uploads\/2021\/09\/logo_uac.png\" class=\"img-responsive imagemquadrada\" style=\"width: 100%; height: auto; background-color: #fff;\">\r\n\t\t\t\t\t\t\t\t<\/div>\r\n\t\t\t\t\t\t\t<\/div>\r\n\t\t\t\t\t\t\t<div class=\"col-md-2\">\r\n\t\t\t\t\t\t\t\t<div class=\"img-circle bolaquadrada\">\r\n\t\t\t\t\t\t\t\t\t<img src=\"https:\/\/atlanticonference.uac.pt\/wp-content\/uploads\/2021\/09\/Logo-vermelho-vazado.png\" class=\"img-responsive imagemquadrada\" style=\"width: 100%; height: auto; background-color: #fff;\">\r\n\t\t\t\t\t\t\t\t<\/div>\r\n\t\t\t\t\t\t\t<\/div>\r\n\t\t\t\t\t\t\t<div class=\"col-md-2\">\r\n\t\t\t\t\t\t\t\t<div class=\"img-circle bolaquadrada\">\r\n\t\t\t\t\t\t\t\t\t<img src=\"https:\/\/atlanticonference.uac.pt\/wp-content\/uploads\/2025\/02\/INTERNATIONAL-CONFERENCE-ALERTS.png\" class=\"img-responsive imagemquadrada\" style=\"width: 100%; height: auto; background-color: #fff;\">\r\n\t\t\t\t\t\t\t\t<\/div>\r\n\t\t\t\t\t\t\t<\/div>\r\n\t\t\t\t<\/div>\r\n\t\t\t<\/div>\r\n\t\t<\/section>[\/vc_column_text][\/vc_column][\/vc_row]<\/p>\n","protected":false},"excerpt":{"rendered":"<p>[vc_row el_class=&#8221;main-slider&#8221;][vc_column][rev_slider_vc alias=&#8221;home&#8221;][\/vc_column][\/vc_row][vc_row][vc_column][vc_empty_space][vc_column_text][\/vc_column_text][vc_empty_space][\/vc_column][\/vc_row][vc_row][vc_column][vc_column_text][\/vc_column_text][vc_empty_space][\/vc_column][\/vc_row][vc_row][vc_column][vc_column_text][\/vc_column_text][vc_empty_space][\/vc_column][\/vc_row][vc_row el_class=&#8221;patri&#8221;][vc_column][vc_column_text][\/vc_column_text][\/vc_column][\/vc_row]<\/p>\n","protected":false},"author":1,"featured_media":0,"parent":0,"menu_order":0,"comment_status":"open","ping_status":"closed","template":"tpl-visual_composer.php","meta":[],"_links":{"self":[{"href":"https:\/\/atlanticonference.uac.pt\/index.php?rest_route=\/wp\/v2\/pages\/11"}],"collection":[{"href":"https:\/\/atlanticonference.uac.pt\/index.php?rest_route=\/wp\/v2\/pages"}],"about":[{"href":"https:\/\/atlanticonference.uac.pt\/index.php?rest_route=\/wp\/v2\/types\/page"}],"author":[{"embeddable":true,"href":"https:\/\/atlanticonference.uac.pt\/index.php?rest_route=\/wp\/v2\/users\/1"}],"replies":[{"embeddable":true,"href":"https:\/\/atlanticonference.uac.pt\/index.php?rest_route=%2Fwp%2Fv2%2Fcomments&post=11"}],"version-history":[{"count":78,"href":"https:\/\/atlanticonference.uac.pt\/index.php?rest_route=\/wp\/v2\/pages\/11\/revisions"}],"predecessor-version":[{"id":2790,"href":"https:\/\/atlanticonference.uac.pt\/index.php?rest_route=\/wp\/v2\/pages\/11\/revisions\/2790"}],"wp:attachment":[{"href":"https:\/\/atlanticonference.uac.pt\/index.php?rest_route=%2Fwp%2Fv2%2Fmedia&parent=11"}],"curies":[{"name":"wp","href":"https:\/\/api.w.org\/{rel}","templated":true}]}}